{"id":1729,"date":"2023-02-22T15:07:15","date_gmt":"2023-02-22T12:07:15","guid":{"rendered":"http:\/\/www.calistoajans.com.tr\/egedizayn\/?post_type=product&#038;p=1729"},"modified":"2023-03-20T15:24:42","modified_gmt":"2023-03-20T12:24:42","slug":"ogretmen-masasi-4","status":"publish","type":"product","link":"https:\/\/www.calistoajans.com.tr\/egedizayn\/urun\/ogretmen-masasi-4\/","title":{"rendered":"\u00d6\u011fretmen Masas\u0131 EOM-06"},"content":{"rendered":"","protected":false},"excerpt":{"rendered":"","protected":false},"featured_media":1732,"comment_status":"open","ping_status":"closed","template":"","meta":[],"product_cat":[86],"product_tag":[],"class_list":{"0":"post-1729","1":"product","2":"type-product","3":"status-publish","4":"has-post-thumbnail","6":"product_cat-ogretmen-masalari"},"_links":{"self":[{"href":"https:\/\/www.calistoajans.com.tr\/egedizayn\/wp-json\/wp\/v2\/product\/1729","targetHints":{"allow":["GET"]}}],"collection":[{"href":"https:\/\/www.calistoajans.com.tr\/egedizayn\/wp-json\/wp\/v2\/product"}],"about":[{"href":"https:\/\/www.calistoajans.com.tr\/egedizayn\/wp-json\/wp\/v2\/types\/product"}],"replies":[{"embeddable":true,"href":"https:\/\/www.calistoajans.com.tr\/egedizayn\/wp-json\/wp\/v2\/comments?post=1729"}],"wp:featuredmedia":[{"embeddable":true,"href":"https:\/\/www.calistoajans.com.tr\/egedizayn\/wp-json\/wp\/v2\/media\/1732"}],"wp:attachment":[{"href":"https:\/\/www.calistoajans.com.tr\/egedizayn\/wp-json\/wp\/v2\/media?parent=1729"}],"wp:term":[{"taxonomy":"product_cat","embeddable":true,"href":"https:\/\/www.calistoajans.com.tr\/egedizayn\/wp-json\/wp\/v2\/product_cat?post=1729"},{"taxonomy":"product_tag","embeddable":true,"href":"https:\/\/www.calistoajans.com.tr\/egedizayn\/wp-json\/wp\/v2\/product_tag?post=1729"}],"curies":[{"name":"wp","href":"https:\/\/api.w.org\/{rel}","templated":true}]}}