{"id":1847,"date":"2023-02-22T17:10:09","date_gmt":"2023-02-22T14:10:09","guid":{"rendered":"http:\/\/www.calistoajans.com.tr\/egedizayn\/?post_type=product&#038;p=1847"},"modified":"2023-04-04T15:35:57","modified_gmt":"2023-04-04T12:35:57","slug":"12-gozlu-dolap-kapakli-ogrenci-dolabi-ed-13","status":"publish","type":"product","link":"https:\/\/www.calistoajans.com.tr\/egedizayn\/urun\/12-gozlu-dolap-kapakli-ogrenci-dolabi-ed-13\/","title":{"rendered":"12 G\u00f6zl\u00fc Dolap  Kapakl\u0131 \u00d6\u011frenci Dolab\u0131 ED-13"},"content":{"rendered":"","protected":false},"excerpt":{"rendered":"","protected":false},"featured_media":1849,"comment_status":"open","ping_status":"closed","template":"","meta":[],"product_cat":[95],"product_tag":[],"class_list":{"0":"post-1847","1":"product","2":"type-product","3":"status-publish","4":"has-post-thumbnail","6":"product_cat-ogretmen-ve-ogrenci-dolaplari"},"_links":{"self":[{"href":"https:\/\/www.calistoajans.com.tr\/egedizayn\/wp-json\/wp\/v2\/product\/1847","targetHints":{"allow":["GET"]}}],"collection":[{"href":"https:\/\/www.calistoajans.com.tr\/egedizayn\/wp-json\/wp\/v2\/product"}],"about":[{"href":"https:\/\/www.calistoajans.com.tr\/egedizayn\/wp-json\/wp\/v2\/types\/product"}],"replies":[{"embeddable":true,"href":"https:\/\/www.calistoajans.com.tr\/egedizayn\/wp-json\/wp\/v2\/comments?post=1847"}],"wp:featuredmedia":[{"embeddable":true,"href":"https:\/\/www.calistoajans.com.tr\/egedizayn\/wp-json\/wp\/v2\/media\/1849"}],"wp:attachment":[{"href":"https:\/\/www.calistoajans.com.tr\/egedizayn\/wp-json\/wp\/v2\/media?parent=1847"}],"wp:term":[{"taxonomy":"product_cat","embeddable":true,"href":"https:\/\/www.calistoajans.com.tr\/egedizayn\/wp-json\/wp\/v2\/product_cat?post=1847"},{"taxonomy":"product_tag","embeddable":true,"href":"https:\/\/www.calistoajans.com.tr\/egedizayn\/wp-json\/wp\/v2\/product_tag?post=1847"}],"curies":[{"name":"wp","href":"https:\/\/api.w.org\/{rel}","templated":true}]}}