{"id":1856,"date":"2023-02-22T17:18:21","date_gmt":"2023-02-22T14:18:21","guid":{"rendered":"http:\/\/www.calistoajans.com.tr\/egedizayn\/?post_type=product&#038;p=1856"},"modified":"2023-04-04T15:23:46","modified_gmt":"2023-04-04T12:23:46","slug":"on-iki-kapakli-ogrenci-dolabi-ed-12","status":"publish","type":"product","link":"https:\/\/www.calistoajans.com.tr\/egedizayn\/urun\/on-iki-kapakli-ogrenci-dolabi-ed-12\/","title":{"rendered":"12 Kapakl\u0131 \u00d6\u011frenci Dolab\u0131 ED-12"},"content":{"rendered":"","protected":false},"excerpt":{"rendered":"","protected":false},"featured_media":1857,"comment_status":"open","ping_status":"closed","template":"","meta":[],"product_cat":[95],"product_tag":[],"class_list":{"0":"post-1856","1":"product","2":"type-product","3":"status-publish","4":"has-post-thumbnail","6":"product_cat-ogretmen-ve-ogrenci-dolaplari"},"_links":{"self":[{"href":"https:\/\/www.calistoajans.com.tr\/egedizayn\/wp-json\/wp\/v2\/product\/1856","targetHints":{"allow":["GET"]}}],"collection":[{"href":"https:\/\/www.calistoajans.com.tr\/egedizayn\/wp-json\/wp\/v2\/product"}],"about":[{"href":"https:\/\/www.calistoajans.com.tr\/egedizayn\/wp-json\/wp\/v2\/types\/product"}],"replies":[{"embeddable":true,"href":"https:\/\/www.calistoajans.com.tr\/egedizayn\/wp-json\/wp\/v2\/comments?post=1856"}],"wp:featuredmedia":[{"embeddable":true,"href":"https:\/\/www.calistoajans.com.tr\/egedizayn\/wp-json\/wp\/v2\/media\/1857"}],"wp:attachment":[{"href":"https:\/\/www.calistoajans.com.tr\/egedizayn\/wp-json\/wp\/v2\/media?parent=1856"}],"wp:term":[{"taxonomy":"product_cat","embeddable":true,"href":"https:\/\/www.calistoajans.com.tr\/egedizayn\/wp-json\/wp\/v2\/product_cat?post=1856"},{"taxonomy":"product_tag","embeddable":true,"href":"https:\/\/www.calistoajans.com.tr\/egedizayn\/wp-json\/wp\/v2\/product_tag?post=1856"}],"curies":[{"name":"wp","href":"https:\/\/api.w.org\/{rel}","templated":true}]}}