{"id":2206,"date":"2023-02-24T11:57:19","date_gmt":"2023-02-24T08:57:19","guid":{"rendered":"http:\/\/www.calistoajans.com.tr\/egedizayn\/?post_type=product&#038;p=2206"},"modified":"2023-04-04T15:17:30","modified_gmt":"2023-04-04T12:17:30","slug":"4-kapakli-yarim-kapak-cam-dosya-dolabi-edl-80195","status":"publish","type":"product","link":"https:\/\/www.calistoajans.com.tr\/egedizayn\/urun\/4-kapakli-yarim-kapak-cam-dosya-dolabi-edl-80195\/","title":{"rendered":"4 Kapakl\u0131 Yar\u0131m Kapak Cam Dosya Dolab\u0131 EDL-80195"},"content":{"rendered":"","protected":false},"excerpt":{"rendered":"","protected":false},"featured_media":2207,"comment_status":"open","ping_status":"closed","template":"","meta":[],"product_cat":[125],"product_tag":[],"class_list":{"0":"post-2206","1":"product","2":"type-product","3":"status-publish","4":"has-post-thumbnail","6":"product_cat-ofis-dolaplari"},"_links":{"self":[{"href":"https:\/\/www.calistoajans.com.tr\/egedizayn\/wp-json\/wp\/v2\/product\/2206","targetHints":{"allow":["GET"]}}],"collection":[{"href":"https:\/\/www.calistoajans.com.tr\/egedizayn\/wp-json\/wp\/v2\/product"}],"about":[{"href":"https:\/\/www.calistoajans.com.tr\/egedizayn\/wp-json\/wp\/v2\/types\/product"}],"replies":[{"embeddable":true,"href":"https:\/\/www.calistoajans.com.tr\/egedizayn\/wp-json\/wp\/v2\/comments?post=2206"}],"wp:featuredmedia":[{"embeddable":true,"href":"https:\/\/www.calistoajans.com.tr\/egedizayn\/wp-json\/wp\/v2\/media\/2207"}],"wp:attachment":[{"href":"https:\/\/www.calistoajans.com.tr\/egedizayn\/wp-json\/wp\/v2\/media?parent=2206"}],"wp:term":[{"taxonomy":"product_cat","embeddable":true,"href":"https:\/\/www.calistoajans.com.tr\/egedizayn\/wp-json\/wp\/v2\/product_cat?post=2206"},{"taxonomy":"product_tag","embeddable":true,"href":"https:\/\/www.calistoajans.com.tr\/egedizayn\/wp-json\/wp\/v2\/product_tag?post=2206"}],"curies":[{"name":"wp","href":"https:\/\/api.w.org\/{rel}","templated":true}]}}