{"id":2267,"date":"2023-03-15T12:16:13","date_gmt":"2023-03-15T09:16:13","guid":{"rendered":"http:\/\/www.calistoajans.com.tr\/egedizayn\/?post_type=product&#038;p=2267"},"modified":"2023-04-04T15:15:32","modified_gmt":"2023-04-04T12:15:32","slug":"muzik-cizgili-yazi-tahtasi-laminat","status":"publish","type":"product","link":"https:\/\/www.calistoajans.com.tr\/egedizayn\/urun\/muzik-cizgili-yazi-tahtasi-laminat\/","title":{"rendered":"M\u00fczik \u00c7izgili Yaz\u0131 Tahtas\u0131 Laminat"},"content":{"rendered":"","protected":false},"excerpt":{"rendered":"","protected":false},"featured_media":2264,"comment_status":"open","ping_status":"closed","template":"","meta":[],"product_cat":[78,98],"product_tag":[],"class_list":{"0":"post-2267","1":"product","2":"type-product","3":"status-publish","4":"has-post-thumbnail","6":"product_cat-egitim-gerecleri","7":"product_cat-yazi-tahtalari"},"_links":{"self":[{"href":"https:\/\/www.calistoajans.com.tr\/egedizayn\/wp-json\/wp\/v2\/product\/2267","targetHints":{"allow":["GET"]}}],"collection":[{"href":"https:\/\/www.calistoajans.com.tr\/egedizayn\/wp-json\/wp\/v2\/product"}],"about":[{"href":"https:\/\/www.calistoajans.com.tr\/egedizayn\/wp-json\/wp\/v2\/types\/product"}],"replies":[{"embeddable":true,"href":"https:\/\/www.calistoajans.com.tr\/egedizayn\/wp-json\/wp\/v2\/comments?post=2267"}],"wp:featuredmedia":[{"embeddable":true,"href":"https:\/\/www.calistoajans.com.tr\/egedizayn\/wp-json\/wp\/v2\/media\/2264"}],"wp:attachment":[{"href":"https:\/\/www.calistoajans.com.tr\/egedizayn\/wp-json\/wp\/v2\/media?parent=2267"}],"wp:term":[{"taxonomy":"product_cat","embeddable":true,"href":"https:\/\/www.calistoajans.com.tr\/egedizayn\/wp-json\/wp\/v2\/product_cat?post=2267"},{"taxonomy":"product_tag","embeddable":true,"href":"https:\/\/www.calistoajans.com.tr\/egedizayn\/wp-json\/wp\/v2\/product_tag?post=2267"}],"curies":[{"name":"wp","href":"https:\/\/api.w.org\/{rel}","templated":true}]}}